{"id":615796,"date":"2026-03-24T18:56:15","date_gmt":"2026-03-24T18:56:15","guid":{"rendered":"https:\/\/exclusives.ro\/?post_type=product&#038;p=615796"},"modified":"2026-04-15T11:52:26","modified_gmt":"2026-04-15T11:52:26","slug":"ghete-eva","status":"publish","type":"product","link":"https:\/\/exclusives.ro\/en\/product\/ghete-eva\/","title":{"rendered":"Ghete &#8211; Eva"},"content":{"rendered":"<p data-start=\"153\" data-end=\"431\"><strong data-start=\"153\" data-end=\"160\">Noul model EVA<\/strong>\u00a0este expresia elegan\u021bei moderne, reinterpretat\u0103 \u00eentr-o form\u0103 confortabil\u0103 \u0219i versatil\u0103. Realizate din\u00a0<strong data-start=\"263\" data-end=\"297\">piele natural\u0103 \u00eentoars\u0103<\/strong>, aceste ghete se remarc\u0103 prin designul minimalist \u0219i liniile curate, care pun \u00een valoare feminitatea \u0219i rafinamentul fiec\u0103rei \u021binute.<\/p>\n<p data-start=\"433\" data-end=\"600\">Talpa u\u0219or chunky ofer\u0103 stabilitate \u0219i confort, f\u0103r\u0103 a compromite aspectul delicat \u0219i chic al modelului, transform\u00e2ndu-l \u00eentr-o alegere ideal\u0103 pentru purtarea zilnic\u0103.<\/p>\n<p data-start=\"602\" data-end=\"621\"><strong data-start=\"602\" data-end=\"621\">Detalii produs:<\/strong><\/p>\n<ul data-start=\"622\" data-end=\"804\">\n<li data-start=\"622\" data-end=\"656\">\n<p data-start=\"624\" data-end=\"656\">Piele natural\u0103 \u00eentoars\u0103<\/p>\n<\/li>\n<li data-start=\"657\" data-end=\"696\">\n<p data-start=\"659\" data-end=\"696\">Design elegant, cu siluet\u0103 feminin\u0103<\/p>\n<\/li>\n<li data-start=\"697\" data-end=\"746\">\n<p data-start=\"699\" data-end=\"746\">Talp\u0103 confortabil\u0103, stabil\u0103, cu aspect modern<\/p>\n<\/li>\n<li data-start=\"747\" data-end=\"804\">\n<p data-start=\"749\" data-end=\"804\">Stil chic, u\u0219or de integrat \u00een \u021binute casual-elegante<\/p>\n<\/li>\n<\/ul>\n<p>&nbsp;<\/p>\n<p data-start=\"806\" data-end=\"1011\" data-is-last-node=\"\" data-is-only-node=\"\"><strong data-start=\"806\" data-end=\"823\">Cum le por\u021bi:<\/strong><br data-start=\"823\" data-end=\"826\" \/>Poart\u0103-le cu pantaloni croi\u021bi, fuste midi sau rochii fluide. Completeaz\u0103 look-ul cu un palton clasic, un sacou structurat sau un pulover fin pentru un outfit feminin, rafinat \u0219i actual.<\/p>\n<p><u><em><strong>PRODUS FABRICAT IN ROMANIA!<\/strong><\/em><\/u><\/p>\n<p>Marimi disponibile:\u00a0 35, 36 , 37 , 38 , 39, 40<\/p>\n<p><strong><i>TERMEN DE REALIZARE\u00a012-14 ZILE LUCRATOARE<\/i><\/strong><\/p>","protected":false},"excerpt":{"rendered":"<p>Noul model EVA\u00a0este expresia elegan\u021bei moderne, reinterpretat\u0103 \u00eentr-o form\u0103 confortabil\u0103 \u0219i versatil\u0103. Realizate din\u00a0piele natural\u0103 \u00eentoars\u0103, aceste ghete se remarc\u0103<\/p>","protected":false},"featured_media":615821,"comment_status":"open","ping_status":"closed","template":"","meta":[],"product_brand":[252],"product_cat":[20],"product_tag":[],"class_list":{"0":"post-615796","1":"product","2":"type-product","3":"status-publish","4":"has-post-thumbnail","6":"product_brand-exclusives","7":"product_cat-bocanci-ghete","9":"first","10":"instock","11":"shipping-taxable","12":"purchasable","13":"product-type-variable"},"yoast_head":"<!-- This site is optimized with the Yoast SEO plugin v27.4 - https:\/\/yoast.com\/product\/yoast-seo-wordpress\/ -->\n<title>Ghete - Eva - Exclusives<\/title>\n<meta name=\"description\" content=\"Noul model EVA\u00a0este expresia elegan\u021bei moderne, reinterpretat\u0103 \u00eentr-o form\u0103 confortabil\u0103 \u0219i versatil\u0103. Realizate din\u00a0piele natural\u0103 \u00eentoars\u0103, aceste ghete\" \/>\n<meta name=\"robots\" content=\"noindex, follow, max-snippet:-1, max-image-preview:large, max-video-preview:-1\" \/>\n<meta property=\"og:locale\" content=\"en_US\" \/>\n<meta property=\"og:type\" content=\"article\" \/>\n<meta property=\"og:title\" content=\"Ghete - Eva - Exclusives\" \/>\n<meta property=\"og:description\" content=\"Noul model EVA\u00a0este expresia elegan\u021bei moderne, reinterpretat\u0103 \u00eentr-o form\u0103 confortabil\u0103 \u0219i versatil\u0103. Realizate din\u00a0piele natural\u0103 \u00eentoars\u0103, aceste ghete\" \/>\n<meta property=\"og:url\" content=\"https:\/\/exclusives.ro\/en\/product\/ghete-eva\/\" \/>\n<meta property=\"og:site_name\" content=\"Exclusives\" \/>\n<meta property=\"article:modified_time\" content=\"2026-04-15T11:52:26+00:00\" \/>\n<meta property=\"og:image\" content=\"https:\/\/exclusives.ro\/wp-content\/uploads\/2026\/03\/exemshekv-5.jpg\" \/>\n\t<meta property=\"og:image:width\" content=\"1365\" \/>\n\t<meta property=\"og:image:height\" content=\"2048\" \/>\n\t<meta property=\"og:image:type\" content=\"image\/jpeg\" \/>\n<meta name=\"twitter:card\" content=\"summary_large_image\" \/>\n<meta name=\"twitter:label1\" content=\"Est. reading time\" \/>\n\t<meta name=\"twitter:data1\" content=\"1 minute\" \/>\n<script type=\"application\/ld+json\" class=\"yoast-schema-graph\">{\"@context\":\"https:\\\/\\\/schema.org\",\"@graph\":[{\"@type\":\"WebPage\",\"@id\":\"https:\\\/\\\/exclusives.ro\\\/produs\\\/ghete-eva\\\/\",\"url\":\"https:\\\/\\\/exclusives.ro\\\/produs\\\/ghete-eva\\\/\",\"name\":\"Ghete - Eva - Exclusives\",\"isPartOf\":{\"@id\":\"https:\\\/\\\/exclusives.ro\\\/#website\"},\"primaryImageOfPage\":{\"@id\":\"https:\\\/\\\/exclusives.ro\\\/produs\\\/ghete-eva\\\/#primaryimage\"},\"image\":{\"@id\":\"https:\\\/\\\/exclusives.ro\\\/produs\\\/ghete-eva\\\/#primaryimage\"},\"thumbnailUrl\":\"https:\\\/\\\/exclusives.ro\\\/wp-content\\\/uploads\\\/2026\\\/03\\\/exemshekv-5.jpg\",\"datePublished\":\"2026-03-24T18:56:15+00:00\",\"dateModified\":\"2026-04-15T11:52:26+00:00\",\"description\":\"Noul model EVA\u00a0este expresia elegan\u021bei moderne, reinterpretat\u0103 \u00eentr-o form\u0103 confortabil\u0103 \u0219i versatil\u0103. Realizate din\u00a0piele natural\u0103 \u00eentoars\u0103, aceste ghete\",\"breadcrumb\":{\"@id\":\"https:\\\/\\\/exclusives.ro\\\/produs\\\/ghete-eva\\\/#breadcrumb\"},\"inLanguage\":\"en-US\",\"potentialAction\":[{\"@type\":\"ReadAction\",\"target\":[\"https:\\\/\\\/exclusives.ro\\\/produs\\\/ghete-eva\\\/\"]}]},{\"@type\":\"ImageObject\",\"inLanguage\":\"en-US\",\"@id\":\"https:\\\/\\\/exclusives.ro\\\/produs\\\/ghete-eva\\\/#primaryimage\",\"url\":\"https:\\\/\\\/exclusives.ro\\\/wp-content\\\/uploads\\\/2026\\\/03\\\/exemshekv-5.jpg\",\"contentUrl\":\"https:\\\/\\\/exclusives.ro\\\/wp-content\\\/uploads\\\/2026\\\/03\\\/exemshekv-5.jpg\",\"width\":1365,\"height\":2048},{\"@type\":\"BreadcrumbList\",\"@id\":\"https:\\\/\\\/exclusives.ro\\\/produs\\\/ghete-eva\\\/#breadcrumb\",\"itemListElement\":[{\"@type\":\"ListItem\",\"position\":1,\"name\":\"Home\",\"item\":\"https:\\\/\\\/exclusives.ro\\\/\"},{\"@type\":\"ListItem\",\"position\":2,\"name\":\"Pantofi\",\"item\":\"https:\\\/\\\/exclusives.ro\\\/shop\\\/\"},{\"@type\":\"ListItem\",\"position\":3,\"name\":\"Ghete &#8211; Eva\"}]},{\"@type\":\"WebSite\",\"@id\":\"https:\\\/\\\/exclusives.ro\\\/#website\",\"url\":\"https:\\\/\\\/exclusives.ro\\\/\",\"name\":\"Exclusives\",\"description\":\"\",\"potentialAction\":[{\"@type\":\"SearchAction\",\"target\":{\"@type\":\"EntryPoint\",\"urlTemplate\":\"https:\\\/\\\/exclusives.ro\\\/?s={search_term_string}\"},\"query-input\":{\"@type\":\"PropertyValueSpecification\",\"valueRequired\":true,\"valueName\":\"search_term_string\"}}],\"inLanguage\":\"en-US\"}]}<\/script>\n<!-- \/ Yoast SEO plugin. -->","yoast_head_json":{"title":"Ghete - Eva - Exclusives","description":"Noul model EVA\u00a0este expresia elegan\u021bei moderne, reinterpretat\u0103 \u00eentr-o form\u0103 confortabil\u0103 \u0219i versatil\u0103. Realizate din\u00a0piele natural\u0103 \u00eentoars\u0103, aceste ghete","robots":{"index":"noindex","follow":"follow","max-snippet":"max-snippet:-1","max-image-preview":"max-image-preview:large","max-video-preview":"max-video-preview:-1"},"og_locale":"en_US","og_type":"article","og_title":"Ghete - Eva - Exclusives","og_description":"Noul model EVA\u00a0este expresia elegan\u021bei moderne, reinterpretat\u0103 \u00eentr-o form\u0103 confortabil\u0103 \u0219i versatil\u0103. Realizate din\u00a0piele natural\u0103 \u00eentoars\u0103, aceste ghete","og_url":"https:\/\/exclusives.ro\/en\/product\/ghete-eva\/","og_site_name":"Exclusives","article_modified_time":"2026-04-15T11:52:26+00:00","og_image":[{"width":1365,"height":2048,"url":"https:\/\/exclusives.ro\/wp-content\/uploads\/2026\/03\/exemshekv-5.jpg","type":"image\/jpeg"}],"twitter_card":"summary_large_image","twitter_misc":{"Est. reading time":"1 minute"},"schema":{"@context":"https:\/\/schema.org","@graph":[{"@type":"WebPage","@id":"https:\/\/exclusives.ro\/produs\/ghete-eva\/","url":"https:\/\/exclusives.ro\/produs\/ghete-eva\/","name":"Ghete - Eva - Exclusives","isPartOf":{"@id":"https:\/\/exclusives.ro\/#website"},"primaryImageOfPage":{"@id":"https:\/\/exclusives.ro\/produs\/ghete-eva\/#primaryimage"},"image":{"@id":"https:\/\/exclusives.ro\/produs\/ghete-eva\/#primaryimage"},"thumbnailUrl":"https:\/\/exclusives.ro\/wp-content\/uploads\/2026\/03\/exemshekv-5.jpg","datePublished":"2026-03-24T18:56:15+00:00","dateModified":"2026-04-15T11:52:26+00:00","description":"Noul model EVA\u00a0este expresia elegan\u021bei moderne, reinterpretat\u0103 \u00eentr-o form\u0103 confortabil\u0103 \u0219i versatil\u0103. Realizate din\u00a0piele natural\u0103 \u00eentoars\u0103, aceste ghete","breadcrumb":{"@id":"https:\/\/exclusives.ro\/produs\/ghete-eva\/#breadcrumb"},"inLanguage":"en-US","potentialAction":[{"@type":"ReadAction","target":["https:\/\/exclusives.ro\/produs\/ghete-eva\/"]}]},{"@type":"ImageObject","inLanguage":"en-US","@id":"https:\/\/exclusives.ro\/produs\/ghete-eva\/#primaryimage","url":"https:\/\/exclusives.ro\/wp-content\/uploads\/2026\/03\/exemshekv-5.jpg","contentUrl":"https:\/\/exclusives.ro\/wp-content\/uploads\/2026\/03\/exemshekv-5.jpg","width":1365,"height":2048},{"@type":"BreadcrumbList","@id":"https:\/\/exclusives.ro\/produs\/ghete-eva\/#breadcrumb","itemListElement":[{"@type":"ListItem","position":1,"name":"Home","item":"https:\/\/exclusives.ro\/"},{"@type":"ListItem","position":2,"name":"Pantofi","item":"https:\/\/exclusives.ro\/shop\/"},{"@type":"ListItem","position":3,"name":"Ghete &#8211; Eva"}]},{"@type":"WebSite","@id":"https:\/\/exclusives.ro\/#website","url":"https:\/\/exclusives.ro\/","name":"Exclusives","description":"","potentialAction":[{"@type":"SearchAction","target":{"@type":"EntryPoint","urlTemplate":"https:\/\/exclusives.ro\/?s={search_term_string}"},"query-input":{"@type":"PropertyValueSpecification","valueRequired":true,"valueName":"search_term_string"}}],"inLanguage":"en-US"}]}},"jetpack_sharing_enabled":true,"_links":{"self":[{"href":"https:\/\/exclusives.ro\/en\/wp-json\/wp\/v2\/product\/615796","targetHints":{"allow":["GET"]}}],"collection":[{"href":"https:\/\/exclusives.ro\/en\/wp-json\/wp\/v2\/product"}],"about":[{"href":"https:\/\/exclusives.ro\/en\/wp-json\/wp\/v2\/types\/product"}],"replies":[{"embeddable":true,"href":"https:\/\/exclusives.ro\/en\/wp-json\/wp\/v2\/comments?post=615796"}],"version-history":[{"count":1,"href":"https:\/\/exclusives.ro\/en\/wp-json\/wp\/v2\/product\/615796\/revisions"}],"predecessor-version":[{"id":615825,"href":"https:\/\/exclusives.ro\/en\/wp-json\/wp\/v2\/product\/615796\/revisions\/615825"}],"wp:featuredmedia":[{"embeddable":true,"href":"https:\/\/exclusives.ro\/en\/wp-json\/wp\/v2\/media\/615821"}],"wp:attachment":[{"href":"https:\/\/exclusives.ro\/en\/wp-json\/wp\/v2\/media?parent=615796"}],"wp:term":[{"taxonomy":"product_brand","embeddable":true,"href":"https:\/\/exclusives.ro\/en\/wp-json\/wp\/v2\/product_brand?post=615796"},{"taxonomy":"product_cat","embeddable":true,"href":"https:\/\/exclusives.ro\/en\/wp-json\/wp\/v2\/product_cat?post=615796"},{"taxonomy":"product_tag","embeddable":true,"href":"https:\/\/exclusives.ro\/en\/wp-json\/wp\/v2\/product_tag?post=615796"}],"curies":[{"name":"wp","href":"https:\/\/api.w.org\/{rel}","templated":true}]}}