{"id":615978,"date":"2026-03-25T17:38:47","date_gmt":"2026-03-25T17:38:47","guid":{"rendered":"https:\/\/exclusives.ro\/?post_type=product&#038;p=615978"},"modified":"2026-04-15T11:49:45","modified_gmt":"2026-04-15T11:49:45","slug":"ciocate-essence","status":"publish","type":"product","link":"https:\/\/exclusives.ro\/en\/product\/ciocate-essence\/","title":{"rendered":"Ciocate &#8211; Essence"},"content":{"rendered":"<p data-start=\"178\" data-end=\"399\">Ciocatele\u00a0<strong data-start=\"235\" data-end=\"252\">Eseence<\/strong>\u00a0sunt expresia perfect\u0103 a rafinamentului modern \u2014 o reinterpretare sofisticat\u0103 a stilului western, definit\u0103 de linii curate \u0219i accente minimaliste.<\/p>\n<p data-start=\"401\" data-end=\"640\">Realizate manual din piele natural\u0103 premium, aceste ciocate impresioneaz\u0103 prin silueta structurat\u0103, textura fina a pielii \u0219i v\u00e2rful ascu\u021bit, eviden\u021biat de inser\u021bia metalic\u0103 discret\u0103, care adaug\u0103 o not\u0103 de for\u021b\u0103 \u0219i elegan\u021b\u0103 urban\u0103.<\/p>\n<p data-start=\"642\" data-end=\"847\">Tocul bloc, stabil \u0219i bine propor\u021bionat, ofer\u0103 confort \u0219i sus\u021binere pe durata \u00eentregii zile, \u00een timp ce interiorul este c\u0103ptu\u0219it integral cu piele moale, pentru o experien\u021b\u0103 de purtare pl\u0103cut\u0103 \u0219i rafinat\u0103.<\/p>\n<p>&nbsp;<\/p>\n<p data-start=\"849\" data-end=\"1092\">Versatile \u0219i impecabile, ciocatele\u00a0<strong data-start=\"235\" data-end=\"252\">Eseence<\/strong>\u00a0pot fi integrate cu u\u0219urin\u021b\u0103 at\u00e2t \u00een \u021binute de zi cu influen\u021be masculine, c\u00e2t \u0219i \u00een apari\u021bii de sear\u0103 cu atitudine statement \u2014 un model ce \u00eembin\u0103 feminitatea cu puterea stilului contemporan.<\/p>\n<p>&nbsp;<\/p>\n<p><u><em><strong>PRODUS FABRICAT IN ROMANIA!<\/strong><\/em><\/u><\/p>\n<p><strong><i>Timp de realizare 7-12 zile lucratoare!<\/i><\/strong><\/p>\n<p>Marimi disponibile:\u00a0 36 , 37 , 38 , 39, 40<\/p>\n<p>Inaltime toc: 7cm.<\/p>","protected":false},"excerpt":{"rendered":"<p>Ciocatele\u00a0Eseence\u00a0sunt expresia perfect\u0103 a rafinamentului modern \u2014 o reinterpretare sofisticat\u0103 a stilului western, definit\u0103 de linii curate \u0219i accente minimaliste.<\/p>","protected":false},"featured_media":616001,"comment_status":"open","ping_status":"closed","template":"","meta":[],"product_brand":[252],"product_cat":[89],"product_tag":[],"class_list":{"0":"post-615978","1":"product","2":"type-product","3":"status-publish","4":"has-post-thumbnail","6":"product_brand-exclusives","7":"product_cat-ciocate","9":"first","10":"instock","11":"shipping-taxable","12":"purchasable","13":"product-type-variable"},"yoast_head":"<!-- This site is optimized with the Yoast SEO plugin v27.4 - https:\/\/yoast.com\/product\/yoast-seo-wordpress\/ -->\n<title>Ciocate - Essence - Exclusives<\/title>\n<meta name=\"description\" content=\"Ciocatele\u00a0Eseence\u00a0sunt expresia perfect\u0103 a rafinamentului modern \u2014 o reinterpretare sofisticat\u0103 a stilului western, definit\u0103 de linii curate \u0219i accente\" \/>\n<meta name=\"robots\" content=\"noindex, follow, max-snippet:-1, max-image-preview:large, max-video-preview:-1\" \/>\n<meta property=\"og:locale\" content=\"en_US\" \/>\n<meta property=\"og:type\" content=\"article\" \/>\n<meta property=\"og:title\" content=\"Ciocate - Essence - Exclusives\" \/>\n<meta property=\"og:description\" content=\"Ciocatele\u00a0Eseence\u00a0sunt expresia perfect\u0103 a rafinamentului modern \u2014 o reinterpretare sofisticat\u0103 a stilului western, definit\u0103 de linii curate \u0219i accente\" \/>\n<meta property=\"og:url\" content=\"https:\/\/exclusives.ro\/en\/product\/ciocate-essence\/\" \/>\n<meta property=\"og:site_name\" content=\"Exclusives\" \/>\n<meta property=\"article:modified_time\" content=\"2026-04-15T11:49:45+00:00\" \/>\n<meta property=\"og:image\" content=\"https:\/\/exclusives.ro\/wp-content\/uploads\/2026\/03\/exemshekv-111.jpg\" \/>\n\t<meta property=\"og:image:width\" content=\"1365\" \/>\n\t<meta property=\"og:image:height\" content=\"2048\" \/>\n\t<meta property=\"og:image:type\" content=\"image\/jpeg\" \/>\n<meta name=\"twitter:card\" content=\"summary_large_image\" \/>\n<meta name=\"twitter:label1\" content=\"Est. reading time\" \/>\n\t<meta name=\"twitter:data1\" content=\"1 minute\" \/>\n<script type=\"application\/ld+json\" class=\"yoast-schema-graph\">{\"@context\":\"https:\\\/\\\/schema.org\",\"@graph\":[{\"@type\":\"WebPage\",\"@id\":\"https:\\\/\\\/exclusives.ro\\\/produs\\\/ciocate-essence\\\/\",\"url\":\"https:\\\/\\\/exclusives.ro\\\/produs\\\/ciocate-essence\\\/\",\"name\":\"Ciocate - Essence - Exclusives\",\"isPartOf\":{\"@id\":\"https:\\\/\\\/exclusives.ro\\\/#website\"},\"primaryImageOfPage\":{\"@id\":\"https:\\\/\\\/exclusives.ro\\\/produs\\\/ciocate-essence\\\/#primaryimage\"},\"image\":{\"@id\":\"https:\\\/\\\/exclusives.ro\\\/produs\\\/ciocate-essence\\\/#primaryimage\"},\"thumbnailUrl\":\"https:\\\/\\\/exclusives.ro\\\/wp-content\\\/uploads\\\/2026\\\/03\\\/exemshekv-111.jpg\",\"datePublished\":\"2026-03-25T17:38:47+00:00\",\"dateModified\":\"2026-04-15T11:49:45+00:00\",\"description\":\"Ciocatele\u00a0Eseence\u00a0sunt expresia perfect\u0103 a rafinamentului modern \u2014 o reinterpretare sofisticat\u0103 a stilului western, definit\u0103 de linii curate \u0219i accente\",\"breadcrumb\":{\"@id\":\"https:\\\/\\\/exclusives.ro\\\/produs\\\/ciocate-essence\\\/#breadcrumb\"},\"inLanguage\":\"en-US\",\"potentialAction\":[{\"@type\":\"ReadAction\",\"target\":[\"https:\\\/\\\/exclusives.ro\\\/produs\\\/ciocate-essence\\\/\"]}]},{\"@type\":\"ImageObject\",\"inLanguage\":\"en-US\",\"@id\":\"https:\\\/\\\/exclusives.ro\\\/produs\\\/ciocate-essence\\\/#primaryimage\",\"url\":\"https:\\\/\\\/exclusives.ro\\\/wp-content\\\/uploads\\\/2026\\\/03\\\/exemshekv-111.jpg\",\"contentUrl\":\"https:\\\/\\\/exclusives.ro\\\/wp-content\\\/uploads\\\/2026\\\/03\\\/exemshekv-111.jpg\",\"width\":1365,\"height\":2048},{\"@type\":\"BreadcrumbList\",\"@id\":\"https:\\\/\\\/exclusives.ro\\\/produs\\\/ciocate-essence\\\/#breadcrumb\",\"itemListElement\":[{\"@type\":\"ListItem\",\"position\":1,\"name\":\"Home\",\"item\":\"https:\\\/\\\/exclusives.ro\\\/\"},{\"@type\":\"ListItem\",\"position\":2,\"name\":\"Pantofi\",\"item\":\"https:\\\/\\\/exclusives.ro\\\/shop\\\/\"},{\"@type\":\"ListItem\",\"position\":3,\"name\":\"Ciocate &#8211; Essence\"}]},{\"@type\":\"WebSite\",\"@id\":\"https:\\\/\\\/exclusives.ro\\\/#website\",\"url\":\"https:\\\/\\\/exclusives.ro\\\/\",\"name\":\"Exclusives\",\"description\":\"\",\"potentialAction\":[{\"@type\":\"SearchAction\",\"target\":{\"@type\":\"EntryPoint\",\"urlTemplate\":\"https:\\\/\\\/exclusives.ro\\\/?s={search_term_string}\"},\"query-input\":{\"@type\":\"PropertyValueSpecification\",\"valueRequired\":true,\"valueName\":\"search_term_string\"}}],\"inLanguage\":\"en-US\"}]}<\/script>\n<!-- \/ Yoast SEO plugin. -->","yoast_head_json":{"title":"Ciocate - Essence - Exclusives","description":"Ciocatele\u00a0Eseence\u00a0sunt expresia perfect\u0103 a rafinamentului modern \u2014 o reinterpretare sofisticat\u0103 a stilului western, definit\u0103 de linii curate \u0219i accente","robots":{"index":"noindex","follow":"follow","max-snippet":"max-snippet:-1","max-image-preview":"max-image-preview:large","max-video-preview":"max-video-preview:-1"},"og_locale":"en_US","og_type":"article","og_title":"Ciocate - Essence - Exclusives","og_description":"Ciocatele\u00a0Eseence\u00a0sunt expresia perfect\u0103 a rafinamentului modern \u2014 o reinterpretare sofisticat\u0103 a stilului western, definit\u0103 de linii curate \u0219i accente","og_url":"https:\/\/exclusives.ro\/en\/product\/ciocate-essence\/","og_site_name":"Exclusives","article_modified_time":"2026-04-15T11:49:45+00:00","og_image":[{"width":1365,"height":2048,"url":"https:\/\/exclusives.ro\/wp-content\/uploads\/2026\/03\/exemshekv-111.jpg","type":"image\/jpeg"}],"twitter_card":"summary_large_image","twitter_misc":{"Est. reading time":"1 minute"},"schema":{"@context":"https:\/\/schema.org","@graph":[{"@type":"WebPage","@id":"https:\/\/exclusives.ro\/produs\/ciocate-essence\/","url":"https:\/\/exclusives.ro\/produs\/ciocate-essence\/","name":"Ciocate - Essence - Exclusives","isPartOf":{"@id":"https:\/\/exclusives.ro\/#website"},"primaryImageOfPage":{"@id":"https:\/\/exclusives.ro\/produs\/ciocate-essence\/#primaryimage"},"image":{"@id":"https:\/\/exclusives.ro\/produs\/ciocate-essence\/#primaryimage"},"thumbnailUrl":"https:\/\/exclusives.ro\/wp-content\/uploads\/2026\/03\/exemshekv-111.jpg","datePublished":"2026-03-25T17:38:47+00:00","dateModified":"2026-04-15T11:49:45+00:00","description":"Ciocatele\u00a0Eseence\u00a0sunt expresia perfect\u0103 a rafinamentului modern \u2014 o reinterpretare sofisticat\u0103 a stilului western, definit\u0103 de linii curate \u0219i accente","breadcrumb":{"@id":"https:\/\/exclusives.ro\/produs\/ciocate-essence\/#breadcrumb"},"inLanguage":"en-US","potentialAction":[{"@type":"ReadAction","target":["https:\/\/exclusives.ro\/produs\/ciocate-essence\/"]}]},{"@type":"ImageObject","inLanguage":"en-US","@id":"https:\/\/exclusives.ro\/produs\/ciocate-essence\/#primaryimage","url":"https:\/\/exclusives.ro\/wp-content\/uploads\/2026\/03\/exemshekv-111.jpg","contentUrl":"https:\/\/exclusives.ro\/wp-content\/uploads\/2026\/03\/exemshekv-111.jpg","width":1365,"height":2048},{"@type":"BreadcrumbList","@id":"https:\/\/exclusives.ro\/produs\/ciocate-essence\/#breadcrumb","itemListElement":[{"@type":"ListItem","position":1,"name":"Home","item":"https:\/\/exclusives.ro\/"},{"@type":"ListItem","position":2,"name":"Pantofi","item":"https:\/\/exclusives.ro\/shop\/"},{"@type":"ListItem","position":3,"name":"Ciocate &#8211; Essence"}]},{"@type":"WebSite","@id":"https:\/\/exclusives.ro\/#website","url":"https:\/\/exclusives.ro\/","name":"Exclusives","description":"","potentialAction":[{"@type":"SearchAction","target":{"@type":"EntryPoint","urlTemplate":"https:\/\/exclusives.ro\/?s={search_term_string}"},"query-input":{"@type":"PropertyValueSpecification","valueRequired":true,"valueName":"search_term_string"}}],"inLanguage":"en-US"}]}},"jetpack_sharing_enabled":true,"_links":{"self":[{"href":"https:\/\/exclusives.ro\/en\/wp-json\/wp\/v2\/product\/615978","targetHints":{"allow":["GET"]}}],"collection":[{"href":"https:\/\/exclusives.ro\/en\/wp-json\/wp\/v2\/product"}],"about":[{"href":"https:\/\/exclusives.ro\/en\/wp-json\/wp\/v2\/types\/product"}],"replies":[{"embeddable":true,"href":"https:\/\/exclusives.ro\/en\/wp-json\/wp\/v2\/comments?post=615978"}],"version-history":[{"count":1,"href":"https:\/\/exclusives.ro\/en\/wp-json\/wp\/v2\/product\/615978\/revisions"}],"predecessor-version":[{"id":616006,"href":"https:\/\/exclusives.ro\/en\/wp-json\/wp\/v2\/product\/615978\/revisions\/616006"}],"wp:featuredmedia":[{"embeddable":true,"href":"https:\/\/exclusives.ro\/en\/wp-json\/wp\/v2\/media\/616001"}],"wp:attachment":[{"href":"https:\/\/exclusives.ro\/en\/wp-json\/wp\/v2\/media?parent=615978"}],"wp:term":[{"taxonomy":"product_brand","embeddable":true,"href":"https:\/\/exclusives.ro\/en\/wp-json\/wp\/v2\/product_brand?post=615978"},{"taxonomy":"product_cat","embeddable":true,"href":"https:\/\/exclusives.ro\/en\/wp-json\/wp\/v2\/product_cat?post=615978"},{"taxonomy":"product_tag","embeddable":true,"href":"https:\/\/exclusives.ro\/en\/wp-json\/wp\/v2\/product_tag?post=615978"}],"curies":[{"name":"wp","href":"https:\/\/api.w.org\/{rel}","templated":true}]}}