{"id":616024,"date":"2026-03-25T20:32:35","date_gmt":"2026-03-25T20:32:35","guid":{"rendered":"https:\/\/exclusives.ro\/?post_type=product&#038;p=616024"},"modified":"2026-04-15T12:10:33","modified_gmt":"2026-04-15T12:10:33","slug":"ciocate-cowboy-premium-black","status":"publish","type":"product","link":"https:\/\/exclusives.ro\/en\/product\/ciocate-cowboy-premium-black\/","title":{"rendered":"Ciocate &#8211; Cowboy &#8211; Premium Black"},"content":{"rendered":"<p data-start=\"76\" data-end=\"335\"><strong data-start=\"76\" data-end=\"335\">Elegan\u021b\u0103 western reinterpretat\u0103 \u2013 aceste cizme cu toc gros \u0219i v\u00e2rf ascu\u021bit \u00eembin\u0103 rafinamentul urban cu spiritul liber al vestului s\u0103lbatic. Construc\u021bia din piele naturala premium \u0219i finisajele metalice subtile transform\u0103 orice pas \u00eentr-o declara\u021bie de stil.<\/strong><\/p>\n<p data-start=\"76\" data-end=\"335\"><strong data-start=\"76\" data-end=\"335\"><br \/>\n<\/strong>100% piele natural\u0103 premium, impremeabila<\/p>\n<p data-start=\"76\" data-end=\"335\">V\u00e2rf metalic pentru un plus de atitudine \u0219i protec\u021bie<\/p>\n<p data-start=\"76\" data-end=\"335\">Toc gros, stabil \u0219i confortabil, cu design stratificat din lemn<\/p>\n<p data-start=\"76\" data-end=\"335\">\u00cenchidere lateral\u0103 discret\u0103 pentru o \u00eenc\u0103l\u021bare u\u0219oar\u0103<\/p>\n<p data-start=\"76\" data-end=\"335\">Lucrate manual cu aten\u021bie la detalii<\/p>\n<p data-start=\"76\" data-end=\"335\">Fabricate \u00een Rom\u00e2nia<\/p>\n<p>&nbsp;<\/p>\n<p data-start=\"645\" data-end=\"890\"><strong data-start=\"645\" data-end=\"889\">Perfecte pentru femeile care iubesc mixul dintre tradi\u021bional \u0219i contemporan, aceste cizme adaug\u0103 un aer cool \u0219i sofisticat \u021binutelor casual sau boho-chic. Poart\u0103-le cu rochii vaporoase, denim sau piele \u2013 \u0219i las\u0103-le s\u0103 vorbeasc\u0103 pentru tine.<\/strong><\/p>\n<p><u><em><strong>PRODUS FABRICAT IN ROMANIA!<\/strong><\/em><\/u><\/p>\n<p><strong><i>Timp de realizare 7-12 zile lucratoare!<\/i><\/strong><\/p>\n<p>Marimi disponibile:\u00a0 36 , 37 , 38 , 39, 40<\/p>\n<p>Inaltime toc: 7cm.<\/p>","protected":false},"excerpt":{"rendered":"<p>Elegan\u021b\u0103 western reinterpretat\u0103 \u2013 aceste cizme cu toc gros \u0219i v\u00e2rf ascu\u021bit \u00eembin\u0103 rafinamentul urban cu spiritul liber al vestului<\/p>","protected":false},"featured_media":616016,"comment_status":"open","ping_status":"closed","template":"","meta":[],"product_brand":[252],"product_cat":[89],"product_tag":[],"class_list":{"0":"post-616024","1":"product","2":"type-product","3":"status-publish","4":"has-post-thumbnail","6":"product_brand-exclusives","7":"product_cat-ciocate","9":"first","10":"instock","11":"shipping-taxable","12":"purchasable","13":"product-type-variable"},"yoast_head":"<!-- This site is optimized with the Yoast SEO plugin v27.4 - https:\/\/yoast.com\/product\/yoast-seo-wordpress\/ -->\n<title>Ciocate - Cowboy - Premium Black - Exclusives<\/title>\n<meta name=\"description\" content=\"Elegan\u021b\u0103 western reinterpretat\u0103 \u2013 aceste cizme cu toc gros \u0219i v\u00e2rf ascu\u021bit \u00eembin\u0103 rafinamentul urban cu spiritul liber al vestului s\u0103lbatic. Construc\u021bia\" \/>\n<meta name=\"robots\" content=\"noindex, follow, max-snippet:-1, max-image-preview:large, max-video-preview:-1\" \/>\n<meta property=\"og:locale\" content=\"en_US\" \/>\n<meta property=\"og:type\" content=\"article\" \/>\n<meta property=\"og:title\" content=\"Ciocate - Cowboy - Premium Black - Exclusives\" \/>\n<meta property=\"og:description\" content=\"Elegan\u021b\u0103 western reinterpretat\u0103 \u2013 aceste cizme cu toc gros \u0219i v\u00e2rf ascu\u021bit \u00eembin\u0103 rafinamentul urban cu spiritul liber al vestului s\u0103lbatic. Construc\u021bia\" \/>\n<meta property=\"og:url\" content=\"https:\/\/exclusives.ro\/en\/product\/ciocate-cowboy-premium-black\/\" \/>\n<meta property=\"og:site_name\" content=\"Exclusives\" \/>\n<meta property=\"article:modified_time\" content=\"2026-04-15T12:10:33+00:00\" \/>\n<meta property=\"og:image\" content=\"https:\/\/exclusives.ro\/wp-content\/uploads\/2026\/03\/exemshekv-115.jpg\" \/>\n\t<meta property=\"og:image:width\" content=\"1365\" \/>\n\t<meta property=\"og:image:height\" content=\"2048\" \/>\n\t<meta property=\"og:image:type\" content=\"image\/jpeg\" \/>\n<meta name=\"twitter:card\" content=\"summary_large_image\" \/>\n<meta name=\"twitter:label1\" content=\"Est. reading time\" \/>\n\t<meta name=\"twitter:data1\" content=\"1 minute\" \/>\n<script type=\"application\/ld+json\" class=\"yoast-schema-graph\">{\"@context\":\"https:\\\/\\\/schema.org\",\"@graph\":[{\"@type\":\"WebPage\",\"@id\":\"https:\\\/\\\/exclusives.ro\\\/produs\\\/ciocate-cowboy-premium-black\\\/\",\"url\":\"https:\\\/\\\/exclusives.ro\\\/produs\\\/ciocate-cowboy-premium-black\\\/\",\"name\":\"Ciocate - Cowboy - Premium Black - Exclusives\",\"isPartOf\":{\"@id\":\"https:\\\/\\\/exclusives.ro\\\/#website\"},\"primaryImageOfPage\":{\"@id\":\"https:\\\/\\\/exclusives.ro\\\/produs\\\/ciocate-cowboy-premium-black\\\/#primaryimage\"},\"image\":{\"@id\":\"https:\\\/\\\/exclusives.ro\\\/produs\\\/ciocate-cowboy-premium-black\\\/#primaryimage\"},\"thumbnailUrl\":\"https:\\\/\\\/exclusives.ro\\\/wp-content\\\/uploads\\\/2026\\\/03\\\/exemshekv-115.jpg\",\"datePublished\":\"2026-03-25T20:32:35+00:00\",\"dateModified\":\"2026-04-15T12:10:33+00:00\",\"description\":\"Elegan\u021b\u0103 western reinterpretat\u0103 \u2013 aceste cizme cu toc gros \u0219i v\u00e2rf ascu\u021bit \u00eembin\u0103 rafinamentul urban cu spiritul liber al vestului s\u0103lbatic. Construc\u021bia\",\"breadcrumb\":{\"@id\":\"https:\\\/\\\/exclusives.ro\\\/produs\\\/ciocate-cowboy-premium-black\\\/#breadcrumb\"},\"inLanguage\":\"en-US\",\"potentialAction\":[{\"@type\":\"ReadAction\",\"target\":[\"https:\\\/\\\/exclusives.ro\\\/produs\\\/ciocate-cowboy-premium-black\\\/\"]}]},{\"@type\":\"ImageObject\",\"inLanguage\":\"en-US\",\"@id\":\"https:\\\/\\\/exclusives.ro\\\/produs\\\/ciocate-cowboy-premium-black\\\/#primaryimage\",\"url\":\"https:\\\/\\\/exclusives.ro\\\/wp-content\\\/uploads\\\/2026\\\/03\\\/exemshekv-115.jpg\",\"contentUrl\":\"https:\\\/\\\/exclusives.ro\\\/wp-content\\\/uploads\\\/2026\\\/03\\\/exemshekv-115.jpg\",\"width\":1365,\"height\":2048},{\"@type\":\"BreadcrumbList\",\"@id\":\"https:\\\/\\\/exclusives.ro\\\/produs\\\/ciocate-cowboy-premium-black\\\/#breadcrumb\",\"itemListElement\":[{\"@type\":\"ListItem\",\"position\":1,\"name\":\"Home\",\"item\":\"https:\\\/\\\/exclusives.ro\\\/\"},{\"@type\":\"ListItem\",\"position\":2,\"name\":\"Pantofi\",\"item\":\"https:\\\/\\\/exclusives.ro\\\/shop\\\/\"},{\"@type\":\"ListItem\",\"position\":3,\"name\":\"Ciocate &#8211; Cowboy &#8211; Premium Black\"}]},{\"@type\":\"WebSite\",\"@id\":\"https:\\\/\\\/exclusives.ro\\\/#website\",\"url\":\"https:\\\/\\\/exclusives.ro\\\/\",\"name\":\"Exclusives\",\"description\":\"\",\"potentialAction\":[{\"@type\":\"SearchAction\",\"target\":{\"@type\":\"EntryPoint\",\"urlTemplate\":\"https:\\\/\\\/exclusives.ro\\\/?s={search_term_string}\"},\"query-input\":{\"@type\":\"PropertyValueSpecification\",\"valueRequired\":true,\"valueName\":\"search_term_string\"}}],\"inLanguage\":\"en-US\"}]}<\/script>\n<!-- \/ Yoast SEO plugin. -->","yoast_head_json":{"title":"Ciocate - Cowboy - Premium Black - Exclusives","description":"Elegan\u021b\u0103 western reinterpretat\u0103 \u2013 aceste cizme cu toc gros \u0219i v\u00e2rf ascu\u021bit \u00eembin\u0103 rafinamentul urban cu spiritul liber al vestului s\u0103lbatic. Construc\u021bia","robots":{"index":"noindex","follow":"follow","max-snippet":"max-snippet:-1","max-image-preview":"max-image-preview:large","max-video-preview":"max-video-preview:-1"},"og_locale":"en_US","og_type":"article","og_title":"Ciocate - Cowboy - Premium Black - Exclusives","og_description":"Elegan\u021b\u0103 western reinterpretat\u0103 \u2013 aceste cizme cu toc gros \u0219i v\u00e2rf ascu\u021bit \u00eembin\u0103 rafinamentul urban cu spiritul liber al vestului s\u0103lbatic. Construc\u021bia","og_url":"https:\/\/exclusives.ro\/en\/product\/ciocate-cowboy-premium-black\/","og_site_name":"Exclusives","article_modified_time":"2026-04-15T12:10:33+00:00","og_image":[{"width":1365,"height":2048,"url":"https:\/\/exclusives.ro\/wp-content\/uploads\/2026\/03\/exemshekv-115.jpg","type":"image\/jpeg"}],"twitter_card":"summary_large_image","twitter_misc":{"Est. reading time":"1 minute"},"schema":{"@context":"https:\/\/schema.org","@graph":[{"@type":"WebPage","@id":"https:\/\/exclusives.ro\/produs\/ciocate-cowboy-premium-black\/","url":"https:\/\/exclusives.ro\/produs\/ciocate-cowboy-premium-black\/","name":"Ciocate - Cowboy - Premium Black - Exclusives","isPartOf":{"@id":"https:\/\/exclusives.ro\/#website"},"primaryImageOfPage":{"@id":"https:\/\/exclusives.ro\/produs\/ciocate-cowboy-premium-black\/#primaryimage"},"image":{"@id":"https:\/\/exclusives.ro\/produs\/ciocate-cowboy-premium-black\/#primaryimage"},"thumbnailUrl":"https:\/\/exclusives.ro\/wp-content\/uploads\/2026\/03\/exemshekv-115.jpg","datePublished":"2026-03-25T20:32:35+00:00","dateModified":"2026-04-15T12:10:33+00:00","description":"Elegan\u021b\u0103 western reinterpretat\u0103 \u2013 aceste cizme cu toc gros \u0219i v\u00e2rf ascu\u021bit \u00eembin\u0103 rafinamentul urban cu spiritul liber al vestului s\u0103lbatic. Construc\u021bia","breadcrumb":{"@id":"https:\/\/exclusives.ro\/produs\/ciocate-cowboy-premium-black\/#breadcrumb"},"inLanguage":"en-US","potentialAction":[{"@type":"ReadAction","target":["https:\/\/exclusives.ro\/produs\/ciocate-cowboy-premium-black\/"]}]},{"@type":"ImageObject","inLanguage":"en-US","@id":"https:\/\/exclusives.ro\/produs\/ciocate-cowboy-premium-black\/#primaryimage","url":"https:\/\/exclusives.ro\/wp-content\/uploads\/2026\/03\/exemshekv-115.jpg","contentUrl":"https:\/\/exclusives.ro\/wp-content\/uploads\/2026\/03\/exemshekv-115.jpg","width":1365,"height":2048},{"@type":"BreadcrumbList","@id":"https:\/\/exclusives.ro\/produs\/ciocate-cowboy-premium-black\/#breadcrumb","itemListElement":[{"@type":"ListItem","position":1,"name":"Home","item":"https:\/\/exclusives.ro\/"},{"@type":"ListItem","position":2,"name":"Pantofi","item":"https:\/\/exclusives.ro\/shop\/"},{"@type":"ListItem","position":3,"name":"Ciocate &#8211; Cowboy &#8211; Premium Black"}]},{"@type":"WebSite","@id":"https:\/\/exclusives.ro\/#website","url":"https:\/\/exclusives.ro\/","name":"Exclusives","description":"","potentialAction":[{"@type":"SearchAction","target":{"@type":"EntryPoint","urlTemplate":"https:\/\/exclusives.ro\/?s={search_term_string}"},"query-input":{"@type":"PropertyValueSpecification","valueRequired":true,"valueName":"search_term_string"}}],"inLanguage":"en-US"}]}},"jetpack_sharing_enabled":true,"_links":{"self":[{"href":"https:\/\/exclusives.ro\/en\/wp-json\/wp\/v2\/product\/616024","targetHints":{"allow":["GET"]}}],"collection":[{"href":"https:\/\/exclusives.ro\/en\/wp-json\/wp\/v2\/product"}],"about":[{"href":"https:\/\/exclusives.ro\/en\/wp-json\/wp\/v2\/types\/product"}],"replies":[{"embeddable":true,"href":"https:\/\/exclusives.ro\/en\/wp-json\/wp\/v2\/comments?post=616024"}],"version-history":[{"count":1,"href":"https:\/\/exclusives.ro\/en\/wp-json\/wp\/v2\/product\/616024\/revisions"}],"predecessor-version":[{"id":616025,"href":"https:\/\/exclusives.ro\/en\/wp-json\/wp\/v2\/product\/616024\/revisions\/616025"}],"wp:featuredmedia":[{"embeddable":true,"href":"https:\/\/exclusives.ro\/en\/wp-json\/wp\/v2\/media\/616016"}],"wp:attachment":[{"href":"https:\/\/exclusives.ro\/en\/wp-json\/wp\/v2\/media?parent=616024"}],"wp:term":[{"taxonomy":"product_brand","embeddable":true,"href":"https:\/\/exclusives.ro\/en\/wp-json\/wp\/v2\/product_brand?post=616024"},{"taxonomy":"product_cat","embeddable":true,"href":"https:\/\/exclusives.ro\/en\/wp-json\/wp\/v2\/product_cat?post=616024"},{"taxonomy":"product_tag","embeddable":true,"href":"https:\/\/exclusives.ro\/en\/wp-json\/wp\/v2\/product_tag?post=616024"}],"curies":[{"name":"wp","href":"https:\/\/api.w.org\/{rel}","templated":true}]}}